{"id":7234,"date":"2025-12-19T16:24:23","date_gmt":"2025-12-19T14:24:45","guid":{"rendered":"https:\/\/store.labiennale.org\/?post_type=product&#038;p=7234"},"modified":"2026-03-23T20:20:48","modified_gmt":"2026-03-23T18:20:48","slug":"la-biennale-di-venezia-magazine-4-25-applicazioni-applications","status":"publish","type":"product","link":"https:\/\/store.labiennale.org\/en\/prodotto\/la-biennale-di-venezia-magazine-4-25-applicazioni-applications\/","title":{"rendered":"LA BIENNALE DI VENEZIA MAGAZINE 4\/25: APPLICAZIONI \/ APPLICATIONS"},"content":{"rendered":"<p><strong><em>Applicazioni \/ Applications<\/em><\/strong> is the title of the issue <strong>4\/2025<\/strong> of the historic Magazine published by La Biennale di Venezia which is reborn after fifty-three years of editorial silence.<\/p>\n<p style=\"font-weight: 400\">The <strong>cover<\/strong> is illustrated with a work by <strong>Andreas Gursky<\/strong>.<\/p>\n<p><strong>The contributions for issue 4\/25 are by<\/strong> Luigi Mascheroni, Luigia Lonardelli, Umberto Eco, Massimo Sterpi, Stefano Micelli, Brandan Comier, Diane De Clercq, Daniele Torcellini, CaCO3, Marco Santi, Stefano Salis, Lili Hollein, Virgilio Villoresi, Giovanni Leone, Yervant Gianikian, Padre Simone Raponi, Fuyumi Namioka, Francesca Ummarino, Stefano De Matteis, AAU Anastas Elias &amp; Yousef, Deyan Sudjic, Bjarke Ingels, Tim Reeve, Elizabeth Diller, lvar Gonz\u00e1lez-Palacios, Julio Luz\u00e1n, Julian Schnabel e Dami\u00e1n Ortega.<\/p>\n<p style=\"font-weight: 400;text-align: justify\">The graphic design and layout is by Studio Tomo Tomo, Milan.<\/p>\n","protected":false},"excerpt":{"rendered":"<h1><strong>Quarterly of Art Architecture Cinema Dance Music Theatre Fashion.<\/strong><\/h1>\n","protected":false},"featured_media":7236,"comment_status":"open","ping_status":"closed","template":"","meta":{"_acf_changed":false},"product_brand":[],"product_cat":[82],"product_tag":[],"class_list":{"0":"post-7234","1":"product","2":"type-product","3":"status-publish","4":"has-post-thumbnail","6":"product_cat-magazines","8":"first","9":"instock","10":"shipping-taxable","11":"purchasable","12":"product-type-simple"},"acf":[],"yoast_head":"<!-- This site is optimized with the Yoast SEO Premium plugin v24.3 (Yoast SEO v24.3) - https:\/\/yoast.com\/wordpress\/plugins\/seo\/ -->\n<title>LA BIENNALE DI VENEZIA MAGAZINE 4\/25: APPLICAZIONI \/ APPLICATIONS - La Biennale di Venezia Store<\/title>\n<meta name=\"robots\" content=\"index, follow, max-snippet:-1, max-image-preview:large, max-video-preview:-1\" \/>\n<link rel=\"canonical\" href=\"https:\/\/store.labiennale.org\/en\/prodotto\/la-biennale-di-venezia-magazine-4-25-applicazioni-applications\/\" \/>\n<meta property=\"og:locale\" content=\"en_US\" \/>\n<meta property=\"og:type\" content=\"article\" \/>\n<meta property=\"og:title\" content=\"LA BIENNALE DI VENEZIA MAGAZINE 4\/25: APPLICAZIONI \/ APPLICATIONS\" \/>\n<meta property=\"og:description\" content=\"Quarterly of Art Architecture Cinema Dance Music Theatre Fashion.\" \/>\n<meta property=\"og:url\" content=\"https:\/\/store.labiennale.org\/en\/prodotto\/la-biennale-di-venezia-magazine-4-25-applicazioni-applications\/\" \/>\n<meta property=\"og:site_name\" content=\"La Biennale di Venezia Store\" \/>\n<meta property=\"article:modified_time\" content=\"2026-03-23T18:20:48+00:00\" \/>\n<meta property=\"og:image\" content=\"https:\/\/store.labiennale.org\/wp-content\/uploads\/2025\/12\/cop-425.jpg\" \/>\n\t<meta property=\"og:image:width\" content=\"1920\" \/>\n\t<meta property=\"og:image:height\" content=\"1080\" \/>\n\t<meta property=\"og:image:type\" content=\"image\/jpeg\" \/>\n<meta name=\"twitter:card\" content=\"summary_large_image\" \/>\n<meta name=\"twitter:label1\" content=\"Est. reading time\" \/>\n\t<meta name=\"twitter:data1\" content=\"1 minute\" \/>\n<script type=\"application\/ld+json\" class=\"yoast-schema-graph\">{\"@context\":\"https:\/\/schema.org\",\"@graph\":[{\"@type\":\"WebPage\",\"@id\":\"https:\/\/store.labiennale.org\/en\/prodotto\/la-biennale-di-venezia-magazine-4-25-applicazioni-applications\/\",\"url\":\"https:\/\/store.labiennale.org\/en\/prodotto\/la-biennale-di-venezia-magazine-4-25-applicazioni-applications\/\",\"name\":\"LA BIENNALE DI VENEZIA MAGAZINE 4\/25: APPLICAZIONI \/ APPLICATIONS - La Biennale di Venezia Store\",\"isPartOf\":{\"@id\":\"https:\/\/store.labiennale.org\/en\/#website\"},\"primaryImageOfPage\":{\"@id\":\"https:\/\/store.labiennale.org\/en\/prodotto\/la-biennale-di-venezia-magazine-4-25-applicazioni-applications\/#primaryimage\"},\"image\":{\"@id\":\"https:\/\/store.labiennale.org\/en\/prodotto\/la-biennale-di-venezia-magazine-4-25-applicazioni-applications\/#primaryimage\"},\"thumbnailUrl\":\"https:\/\/store.labiennale.org\/wp-content\/uploads\/2025\/12\/cop-425.jpg\",\"datePublished\":\"2025-12-19T14:24:45+00:00\",\"dateModified\":\"2026-03-23T18:20:48+00:00\",\"breadcrumb\":{\"@id\":\"https:\/\/store.labiennale.org\/en\/prodotto\/la-biennale-di-venezia-magazine-4-25-applicazioni-applications\/#breadcrumb\"},\"inLanguage\":\"en-US\",\"potentialAction\":[{\"@type\":\"ReadAction\",\"target\":[\"https:\/\/store.labiennale.org\/en\/prodotto\/la-biennale-di-venezia-magazine-4-25-applicazioni-applications\/\"]}]},{\"@type\":\"ImageObject\",\"inLanguage\":\"en-US\",\"@id\":\"https:\/\/store.labiennale.org\/en\/prodotto\/la-biennale-di-venezia-magazine-4-25-applicazioni-applications\/#primaryimage\",\"url\":\"https:\/\/store.labiennale.org\/wp-content\/uploads\/2025\/12\/cop-425.jpg\",\"contentUrl\":\"https:\/\/store.labiennale.org\/wp-content\/uploads\/2025\/12\/cop-425.jpg\",\"width\":1920,\"height\":1080},{\"@type\":\"BreadcrumbList\",\"@id\":\"https:\/\/store.labiennale.org\/en\/prodotto\/la-biennale-di-venezia-magazine-4-25-applicazioni-applications\/#breadcrumb\",\"itemListElement\":[{\"@type\":\"ListItem\",\"position\":1,\"name\":\"Shop\",\"item\":\"https:\/\/store.labiennale.org\/en\/shop\/\"},{\"@type\":\"ListItem\",\"position\":2,\"name\":\"LA BIENNALE DI VENEZIA MAGAZINE 4\/25: APPLICAZIONI \/ APPLICATIONS\"}]},{\"@type\":\"WebSite\",\"@id\":\"https:\/\/store.labiennale.org\/en\/#website\",\"url\":\"https:\/\/store.labiennale.org\/en\/\",\"name\":\"La Biennale di Venezia Store\",\"description\":\"Arte, Architettura, Cinema, Danza, Musica, Teatro, Archivio Storico delle Arti Contemporanee, College, etc etc... La Biennale di Venezia nasce nel 1895 ed \u00e8 considerata tra le istituzioni culturali pi\u00f9 note e prestigiose al mondo.\",\"potentialAction\":[{\"@type\":\"SearchAction\",\"target\":{\"@type\":\"EntryPoint\",\"urlTemplate\":\"https:\/\/store.labiennale.org\/en\/?s={search_term_string}\"},\"query-input\":{\"@type\":\"PropertyValueSpecification\",\"valueRequired\":true,\"valueName\":\"search_term_string\"}}],\"inLanguage\":\"en-US\"}]}<\/script>\n<!-- \/ Yoast SEO Premium plugin. -->","yoast_head_json":{"title":"LA BIENNALE DI VENEZIA MAGAZINE 4\/25: APPLICAZIONI \/ APPLICATIONS - La Biennale di Venezia Store","robots":{"index":"index","follow":"follow","max-snippet":"max-snippet:-1","max-image-preview":"max-image-preview:large","max-video-preview":"max-video-preview:-1"},"canonical":"https:\/\/store.labiennale.org\/en\/prodotto\/la-biennale-di-venezia-magazine-4-25-applicazioni-applications\/","og_locale":"en_US","og_type":"article","og_title":"LA BIENNALE DI VENEZIA MAGAZINE 4\/25: APPLICAZIONI \/ APPLICATIONS","og_description":"Quarterly of Art Architecture Cinema Dance Music Theatre Fashion.","og_url":"https:\/\/store.labiennale.org\/en\/prodotto\/la-biennale-di-venezia-magazine-4-25-applicazioni-applications\/","og_site_name":"La Biennale di Venezia Store","article_modified_time":"2026-03-23T18:20:48+00:00","og_image":[{"width":1920,"height":1080,"url":"https:\/\/store.labiennale.org\/wp-content\/uploads\/2025\/12\/cop-425.jpg","type":"image\/jpeg"}],"twitter_card":"summary_large_image","twitter_misc":{"Est. reading time":"1 minute"},"schema":{"@context":"https:\/\/schema.org","@graph":[{"@type":"WebPage","@id":"https:\/\/store.labiennale.org\/en\/prodotto\/la-biennale-di-venezia-magazine-4-25-applicazioni-applications\/","url":"https:\/\/store.labiennale.org\/en\/prodotto\/la-biennale-di-venezia-magazine-4-25-applicazioni-applications\/","name":"LA BIENNALE DI VENEZIA MAGAZINE 4\/25: APPLICAZIONI \/ APPLICATIONS - La Biennale di Venezia Store","isPartOf":{"@id":"https:\/\/store.labiennale.org\/en\/#website"},"primaryImageOfPage":{"@id":"https:\/\/store.labiennale.org\/en\/prodotto\/la-biennale-di-venezia-magazine-4-25-applicazioni-applications\/#primaryimage"},"image":{"@id":"https:\/\/store.labiennale.org\/en\/prodotto\/la-biennale-di-venezia-magazine-4-25-applicazioni-applications\/#primaryimage"},"thumbnailUrl":"https:\/\/store.labiennale.org\/wp-content\/uploads\/2025\/12\/cop-425.jpg","datePublished":"2025-12-19T14:24:45+00:00","dateModified":"2026-03-23T18:20:48+00:00","breadcrumb":{"@id":"https:\/\/store.labiennale.org\/en\/prodotto\/la-biennale-di-venezia-magazine-4-25-applicazioni-applications\/#breadcrumb"},"inLanguage":"en-US","potentialAction":[{"@type":"ReadAction","target":["https:\/\/store.labiennale.org\/en\/prodotto\/la-biennale-di-venezia-magazine-4-25-applicazioni-applications\/"]}]},{"@type":"ImageObject","inLanguage":"en-US","@id":"https:\/\/store.labiennale.org\/en\/prodotto\/la-biennale-di-venezia-magazine-4-25-applicazioni-applications\/#primaryimage","url":"https:\/\/store.labiennale.org\/wp-content\/uploads\/2025\/12\/cop-425.jpg","contentUrl":"https:\/\/store.labiennale.org\/wp-content\/uploads\/2025\/12\/cop-425.jpg","width":1920,"height":1080},{"@type":"BreadcrumbList","@id":"https:\/\/store.labiennale.org\/en\/prodotto\/la-biennale-di-venezia-magazine-4-25-applicazioni-applications\/#breadcrumb","itemListElement":[{"@type":"ListItem","position":1,"name":"Shop","item":"https:\/\/store.labiennale.org\/en\/shop\/"},{"@type":"ListItem","position":2,"name":"LA BIENNALE DI VENEZIA MAGAZINE 4\/25: APPLICAZIONI \/ APPLICATIONS"}]},{"@type":"WebSite","@id":"https:\/\/store.labiennale.org\/en\/#website","url":"https:\/\/store.labiennale.org\/en\/","name":"La Biennale di Venezia Store","description":"Arte, Architettura, Cinema, Danza, Musica, Teatro, Archivio Storico delle Arti Contemporanee, College, etc etc... La Biennale di Venezia nasce nel 1895 ed \u00e8 considerata tra le istituzioni culturali pi\u00f9 note e prestigiose al mondo.","potentialAction":[{"@type":"SearchAction","target":{"@type":"EntryPoint","urlTemplate":"https:\/\/store.labiennale.org\/en\/?s={search_term_string}"},"query-input":{"@type":"PropertyValueSpecification","valueRequired":true,"valueName":"search_term_string"}}],"inLanguage":"en-US"}]}},"_links":{"self":[{"href":"https:\/\/store.labiennale.org\/en\/wp-json\/wp\/v2\/product\/7234","targetHints":{"allow":["GET"]}}],"collection":[{"href":"https:\/\/store.labiennale.org\/en\/wp-json\/wp\/v2\/product"}],"about":[{"href":"https:\/\/store.labiennale.org\/en\/wp-json\/wp\/v2\/types\/product"}],"replies":[{"embeddable":true,"href":"https:\/\/store.labiennale.org\/en\/wp-json\/wp\/v2\/comments?post=7234"}],"wp:featuredmedia":[{"embeddable":true,"href":"https:\/\/store.labiennale.org\/en\/wp-json\/wp\/v2\/media\/7236"}],"wp:attachment":[{"href":"https:\/\/store.labiennale.org\/en\/wp-json\/wp\/v2\/media?parent=7234"}],"wp:term":[{"taxonomy":"product_brand","embeddable":true,"href":"https:\/\/store.labiennale.org\/en\/wp-json\/wp\/v2\/product_brand?post=7234"},{"taxonomy":"product_cat","embeddable":true,"href":"https:\/\/store.labiennale.org\/en\/wp-json\/wp\/v2\/product_cat?post=7234"},{"taxonomy":"product_tag","embeddable":true,"href":"https:\/\/store.labiennale.org\/en\/wp-json\/wp\/v2\/product_tag?post=7234"}],"curies":[{"name":"wp","href":"https:\/\/api.w.org\/{rel}","templated":true}]}}