{"id":7353,"date":"2026-03-30T14:59:33","date_gmt":"2026-03-30T13:02:21","guid":{"rendered":"https:\/\/store.labiennale.org\/?post_type=product&#038;p=7353"},"modified":"2026-04-01T10:48:14","modified_gmt":"2026-04-01T08:48:14","slug":"la-biennale-di-venezia-magazine-1-26-alfabeti-alphabets","status":"publish","type":"product","link":"https:\/\/store.labiennale.org\/en\/prodotto\/la-biennale-di-venezia-magazine-1-26-alfabeti-alphabets\/","title":{"rendered":"LA BIENNALE DI VENEZIA MAGAZINE 1\/26: ALFABETI \/ ALPHABETS"},"content":{"rendered":"<p style=\"text-align: justify\"><em><strong>Alfabeti \/ Alphabets<\/strong><\/em> is the title of issue 1\/2026 of La Biennale di Venezia Magazine published by La Biennale di Venezia after fifty-three years of editorial silence. The October 2024 inaugural issue \u2212 Diluvi prossimi venturi \/ The Coming Floods \u2212 has then been followed by four more in 2025, reinstating the quarterly schedule of the original project.<br \/>\nConceived and produced as a printed edition, the Magazine stands out for the multiplicity of languages and freedom of expression, that allows graphic experimentation and cross-fertilisation between different forms and codes. The rich iconographic apparatus that draws largely from the Historical Archive of La Biennale and from national and international photographic research is a distinguishing trait of this publication.<br \/>\nThe first 2026 issue gathers several articles, testimonies, interviews, dialogues and original and exclusive contributions by artists, scholars, and leading figures in the cultural landscape and civil society from Italy and abroad on a single topic: the word.<br \/>\nAs stated by the director Luigi Mascheroni, \u201cthe linguistic bond that held generations together has been broken: today\u2019s society appears as a collection of incommunicable monads. And so, here is the challenge: art and thought must once again speak to everyone, in a world where the word appears fragmented, abandoned, emptied of its generative character. How can this be done?\u201d<br \/>\n<strong>The contributions for issue 1\/26 are by<\/strong>: Gilles Kepel, Giorgio Marrapodi, Fr\u00e9d\u00e9ric Bonnaud, Valeria Della Valle, Arturo P\u00e9rez-Reverte and Tommaso Santambrogio, Ermanna Montanari, Hans Ulrich Obrist, Visar Zhiti, Line Langebek Knudsen, Paulo Mendes da Rocha, Luca Valtorta, Letizia Michielon, Debora Rossi, Cesare Pietroiusti, Valentina Casali, Angela Guzman, Keith Broni, Maria Luisa Frisa, Giorgio Andreotta Cal\u00f2, Christopher Hampton and Monica Capuani, Sonia Folin, Silvia Pareschi, Emma Dante, Silvio Ranise and Nicola Grandi, Tsai Mingliang, Gabriele Mainetti, Tomaso Binga, Manuela Furnari, Peter Joch.<br \/>\nThe <strong>cover <\/strong>is illustrated with <em>H\u00e9p\u00e9rile \u00e9clat\u00e9 <\/em>(1953), a work by Raymond Hains and Camille Bryen, exhibited at the mostra di poesia concreta organized by La Biennale di Venezia in 1969. On the flap there is the Project for the poster of Le Bal Mir\u00f3, The Light Bird, created by Joan Mir\u00f3 for the ballet-pantomime by Sylvano Bussotti at the Biennale Musica 1981.<br \/>\n<strong>The issue is illustrated with photographs from<\/strong>: Fototeca Arti Visive, Fototeca Cinema, Museo dei Quaderni di Scuola, Fondazione Antonio Presti, Archivio Cesare Pietroiusti, Video Data Bank della School of the Art Institute of Chicago, Coppi Barbieri, Fondazione Festival dei Due Mondi, Maria Laura Antonelli \u2013 AGF, John Baldessari, Jutta Benzenberg, Andrea Bianchera, Luciano Caruso, Paolo Conte, Luca De Santis, Elio Di Pace, Massimo Fiorentini and Marco Caselli Nirmal, Rosellina Garbo, Jenny Holzer, Franco Lannino, Carmine Maringola, Verita Monselles, Hans Ulrich Obrist, Andrea Pirrello, Luo Qi, Italo Rondinella, Emanuele Scarpa.<br \/>\nThe graphic design and layout are by Studio Tomo Tomo, Milan.<\/p>\n","protected":false},"excerpt":{"rendered":"<h1><strong>Quarterly of Art Architecture Cinema Dance Music Theatre Fashion.<\/strong><\/h1>\n","protected":false},"featured_media":7352,"comment_status":"open","ping_status":"closed","template":"","meta":{"_acf_changed":false},"product_brand":[],"product_cat":[82],"product_tag":[],"class_list":{"0":"post-7353","1":"product","2":"type-product","3":"status-publish","4":"has-post-thumbnail","6":"product_cat-magazines","8":"first","9":"instock","10":"shipping-taxable","11":"purchasable","12":"product-type-simple"},"acf":[],"yoast_head":"<!-- This site is optimized with the Yoast SEO Premium plugin v24.3 (Yoast SEO v24.3) - https:\/\/yoast.com\/wordpress\/plugins\/seo\/ -->\n<title>LA BIENNALE DI VENEZIA MAGAZINE 1\/26: ALFABETI \/ ALPHABETS - La Biennale di Venezia Store<\/title>\n<meta name=\"robots\" content=\"index, follow, max-snippet:-1, max-image-preview:large, max-video-preview:-1\" \/>\n<link rel=\"canonical\" href=\"https:\/\/store.labiennale.org\/en\/prodotto\/la-biennale-di-venezia-magazine-1-26-alfabeti-alphabets\/\" \/>\n<meta property=\"og:locale\" content=\"en_US\" \/>\n<meta property=\"og:type\" content=\"article\" \/>\n<meta property=\"og:title\" content=\"LA BIENNALE DI VENEZIA MAGAZINE 1\/26: ALFABETI \/ ALPHABETS\" \/>\n<meta property=\"og:description\" content=\"Quarterly of Art Architecture Cinema Dance Music Theatre Fashion.\" \/>\n<meta property=\"og:url\" content=\"https:\/\/store.labiennale.org\/en\/prodotto\/la-biennale-di-venezia-magazine-1-26-alfabeti-alphabets\/\" \/>\n<meta property=\"og:site_name\" content=\"La Biennale di Venezia Store\" \/>\n<meta property=\"article:modified_time\" content=\"2026-04-01T08:48:14+00:00\" \/>\n<meta property=\"og:image\" content=\"https:\/\/store.labiennale.org\/wp-content\/uploads\/2026\/03\/rivista1-26.jpg\" \/>\n\t<meta property=\"og:image:width\" content=\"1920\" \/>\n\t<meta property=\"og:image:height\" content=\"1080\" \/>\n\t<meta property=\"og:image:type\" content=\"image\/jpeg\" \/>\n<meta name=\"twitter:card\" content=\"summary_large_image\" \/>\n<meta name=\"twitter:label1\" content=\"Est. reading time\" \/>\n\t<meta name=\"twitter:data1\" content=\"3 minutes\" \/>\n<script type=\"application\/ld+json\" class=\"yoast-schema-graph\">{\"@context\":\"https:\/\/schema.org\",\"@graph\":[{\"@type\":\"WebPage\",\"@id\":\"https:\/\/store.labiennale.org\/en\/prodotto\/la-biennale-di-venezia-magazine-1-26-alfabeti-alphabets\/\",\"url\":\"https:\/\/store.labiennale.org\/en\/prodotto\/la-biennale-di-venezia-magazine-1-26-alfabeti-alphabets\/\",\"name\":\"LA BIENNALE DI VENEZIA MAGAZINE 1\/26: ALFABETI \/ ALPHABETS - La Biennale di Venezia Store\",\"isPartOf\":{\"@id\":\"https:\/\/store.labiennale.org\/en\/#website\"},\"primaryImageOfPage\":{\"@id\":\"https:\/\/store.labiennale.org\/en\/prodotto\/la-biennale-di-venezia-magazine-1-26-alfabeti-alphabets\/#primaryimage\"},\"image\":{\"@id\":\"https:\/\/store.labiennale.org\/en\/prodotto\/la-biennale-di-venezia-magazine-1-26-alfabeti-alphabets\/#primaryimage\"},\"thumbnailUrl\":\"https:\/\/store.labiennale.org\/wp-content\/uploads\/2026\/03\/rivista1-26.jpg\",\"datePublished\":\"2026-03-30T13:02:21+00:00\",\"dateModified\":\"2026-04-01T08:48:14+00:00\",\"breadcrumb\":{\"@id\":\"https:\/\/store.labiennale.org\/en\/prodotto\/la-biennale-di-venezia-magazine-1-26-alfabeti-alphabets\/#breadcrumb\"},\"inLanguage\":\"en-US\",\"potentialAction\":[{\"@type\":\"ReadAction\",\"target\":[\"https:\/\/store.labiennale.org\/en\/prodotto\/la-biennale-di-venezia-magazine-1-26-alfabeti-alphabets\/\"]}]},{\"@type\":\"ImageObject\",\"inLanguage\":\"en-US\",\"@id\":\"https:\/\/store.labiennale.org\/en\/prodotto\/la-biennale-di-venezia-magazine-1-26-alfabeti-alphabets\/#primaryimage\",\"url\":\"https:\/\/store.labiennale.org\/wp-content\/uploads\/2026\/03\/rivista1-26.jpg\",\"contentUrl\":\"https:\/\/store.labiennale.org\/wp-content\/uploads\/2026\/03\/rivista1-26.jpg\",\"width\":1920,\"height\":1080},{\"@type\":\"BreadcrumbList\",\"@id\":\"https:\/\/store.labiennale.org\/en\/prodotto\/la-biennale-di-venezia-magazine-1-26-alfabeti-alphabets\/#breadcrumb\",\"itemListElement\":[{\"@type\":\"ListItem\",\"position\":1,\"name\":\"Shop\",\"item\":\"https:\/\/store.labiennale.org\/en\/shop\/\"},{\"@type\":\"ListItem\",\"position\":2,\"name\":\"LA BIENNALE DI VENEZIA MAGAZINE 1\/26: ALFABETI \/ ALPHABETS\"}]},{\"@type\":\"WebSite\",\"@id\":\"https:\/\/store.labiennale.org\/en\/#website\",\"url\":\"https:\/\/store.labiennale.org\/en\/\",\"name\":\"La Biennale di Venezia Store\",\"description\":\"Arte, Architettura, Cinema, Danza, Musica, Teatro, Archivio Storico delle Arti Contemporanee, College, etc etc... La Biennale di Venezia nasce nel 1895 ed \u00e8 considerata tra le istituzioni culturali pi\u00f9 note e prestigiose al mondo.\",\"potentialAction\":[{\"@type\":\"SearchAction\",\"target\":{\"@type\":\"EntryPoint\",\"urlTemplate\":\"https:\/\/store.labiennale.org\/en\/?s={search_term_string}\"},\"query-input\":{\"@type\":\"PropertyValueSpecification\",\"valueRequired\":true,\"valueName\":\"search_term_string\"}}],\"inLanguage\":\"en-US\"}]}<\/script>\n<!-- \/ Yoast SEO Premium plugin. -->","yoast_head_json":{"title":"LA BIENNALE DI VENEZIA MAGAZINE 1\/26: ALFABETI \/ ALPHABETS - La Biennale di Venezia Store","robots":{"index":"index","follow":"follow","max-snippet":"max-snippet:-1","max-image-preview":"max-image-preview:large","max-video-preview":"max-video-preview:-1"},"canonical":"https:\/\/store.labiennale.org\/en\/prodotto\/la-biennale-di-venezia-magazine-1-26-alfabeti-alphabets\/","og_locale":"en_US","og_type":"article","og_title":"LA BIENNALE DI VENEZIA MAGAZINE 1\/26: ALFABETI \/ ALPHABETS","og_description":"Quarterly of Art Architecture Cinema Dance Music Theatre Fashion.","og_url":"https:\/\/store.labiennale.org\/en\/prodotto\/la-biennale-di-venezia-magazine-1-26-alfabeti-alphabets\/","og_site_name":"La Biennale di Venezia Store","article_modified_time":"2026-04-01T08:48:14+00:00","og_image":[{"width":1920,"height":1080,"url":"https:\/\/store.labiennale.org\/wp-content\/uploads\/2026\/03\/rivista1-26.jpg","type":"image\/jpeg"}],"twitter_card":"summary_large_image","twitter_misc":{"Est. reading time":"3 minutes"},"schema":{"@context":"https:\/\/schema.org","@graph":[{"@type":"WebPage","@id":"https:\/\/store.labiennale.org\/en\/prodotto\/la-biennale-di-venezia-magazine-1-26-alfabeti-alphabets\/","url":"https:\/\/store.labiennale.org\/en\/prodotto\/la-biennale-di-venezia-magazine-1-26-alfabeti-alphabets\/","name":"LA BIENNALE DI VENEZIA MAGAZINE 1\/26: ALFABETI \/ ALPHABETS - La Biennale di Venezia Store","isPartOf":{"@id":"https:\/\/store.labiennale.org\/en\/#website"},"primaryImageOfPage":{"@id":"https:\/\/store.labiennale.org\/en\/prodotto\/la-biennale-di-venezia-magazine-1-26-alfabeti-alphabets\/#primaryimage"},"image":{"@id":"https:\/\/store.labiennale.org\/en\/prodotto\/la-biennale-di-venezia-magazine-1-26-alfabeti-alphabets\/#primaryimage"},"thumbnailUrl":"https:\/\/store.labiennale.org\/wp-content\/uploads\/2026\/03\/rivista1-26.jpg","datePublished":"2026-03-30T13:02:21+00:00","dateModified":"2026-04-01T08:48:14+00:00","breadcrumb":{"@id":"https:\/\/store.labiennale.org\/en\/prodotto\/la-biennale-di-venezia-magazine-1-26-alfabeti-alphabets\/#breadcrumb"},"inLanguage":"en-US","potentialAction":[{"@type":"ReadAction","target":["https:\/\/store.labiennale.org\/en\/prodotto\/la-biennale-di-venezia-magazine-1-26-alfabeti-alphabets\/"]}]},{"@type":"ImageObject","inLanguage":"en-US","@id":"https:\/\/store.labiennale.org\/en\/prodotto\/la-biennale-di-venezia-magazine-1-26-alfabeti-alphabets\/#primaryimage","url":"https:\/\/store.labiennale.org\/wp-content\/uploads\/2026\/03\/rivista1-26.jpg","contentUrl":"https:\/\/store.labiennale.org\/wp-content\/uploads\/2026\/03\/rivista1-26.jpg","width":1920,"height":1080},{"@type":"BreadcrumbList","@id":"https:\/\/store.labiennale.org\/en\/prodotto\/la-biennale-di-venezia-magazine-1-26-alfabeti-alphabets\/#breadcrumb","itemListElement":[{"@type":"ListItem","position":1,"name":"Shop","item":"https:\/\/store.labiennale.org\/en\/shop\/"},{"@type":"ListItem","position":2,"name":"LA BIENNALE DI VENEZIA MAGAZINE 1\/26: ALFABETI \/ ALPHABETS"}]},{"@type":"WebSite","@id":"https:\/\/store.labiennale.org\/en\/#website","url":"https:\/\/store.labiennale.org\/en\/","name":"La Biennale di Venezia Store","description":"Arte, Architettura, Cinema, Danza, Musica, Teatro, Archivio Storico delle Arti Contemporanee, College, etc etc... La Biennale di Venezia nasce nel 1895 ed \u00e8 considerata tra le istituzioni culturali pi\u00f9 note e prestigiose al mondo.","potentialAction":[{"@type":"SearchAction","target":{"@type":"EntryPoint","urlTemplate":"https:\/\/store.labiennale.org\/en\/?s={search_term_string}"},"query-input":{"@type":"PropertyValueSpecification","valueRequired":true,"valueName":"search_term_string"}}],"inLanguage":"en-US"}]}},"_links":{"self":[{"href":"https:\/\/store.labiennale.org\/en\/wp-json\/wp\/v2\/product\/7353","targetHints":{"allow":["GET"]}}],"collection":[{"href":"https:\/\/store.labiennale.org\/en\/wp-json\/wp\/v2\/product"}],"about":[{"href":"https:\/\/store.labiennale.org\/en\/wp-json\/wp\/v2\/types\/product"}],"replies":[{"embeddable":true,"href":"https:\/\/store.labiennale.org\/en\/wp-json\/wp\/v2\/comments?post=7353"}],"wp:featuredmedia":[{"embeddable":true,"href":"https:\/\/store.labiennale.org\/en\/wp-json\/wp\/v2\/media\/7352"}],"wp:attachment":[{"href":"https:\/\/store.labiennale.org\/en\/wp-json\/wp\/v2\/media?parent=7353"}],"wp:term":[{"taxonomy":"product_brand","embeddable":true,"href":"https:\/\/store.labiennale.org\/en\/wp-json\/wp\/v2\/product_brand?post=7353"},{"taxonomy":"product_cat","embeddable":true,"href":"https:\/\/store.labiennale.org\/en\/wp-json\/wp\/v2\/product_cat?post=7353"},{"taxonomy":"product_tag","embeddable":true,"href":"https:\/\/store.labiennale.org\/en\/wp-json\/wp\/v2\/product_tag?post=7353"}],"curies":[{"name":"wp","href":"https:\/\/api.w.org\/{rel}","templated":true}]}}