{"id":7485,"date":"2026-05-12T15:11:12","date_gmt":"2026-05-12T13:11:13","guid":{"rendered":"https:\/\/store.labiennale.org\/?post_type=product&#038;p=7485"},"modified":"2026-05-12T21:59:44","modified_gmt":"2026-05-12T19:59:44","slug":"biennale-arte-2026","status":"publish","type":"product","link":"https:\/\/store.labiennale.org\/en\/prodotto\/biennale-arte-2026\/","title":{"rendered":"BIENNALE ARTE 2026"},"content":{"rendered":"<p><strong>IN MINOR KEYS<\/strong><\/p>\n<p style=\"font-weight: 400;text-align: justify\">The official catalogue <em>In Minor Keys<\/em> consists of two volumes. <strong>Volume I<\/strong> is dedicated to the International Exhibition curated by Koyo Kouoh. <strong>Volume II<\/strong> is dedicated to the National Participations and Collateral Events. The <strong>Exhibition Guide <\/strong>has been conceived to accompany visitors throughout the exhibition path.<\/p>\n<p style=\"font-weight: 400;text-align: justify\">It was important to Koyo that the catalogue for <em>In Minor Keys<\/em> stand not only as a robust contribution to the archive, but also as an exemplar of the collaborative, cross-disciplinary, and intuitive mode of making that she convened. In the catalogue, this has meant, first and foremost, <strong>centring artists, with four-page spreads that afford space for a substantive short essay<\/strong>, as well as studio, sketch or process images that convey the ideas and worklife behind what is on view. <strong>Artists were invited to propose writers on their practice<\/strong>, resulting in an ensemble of over 100 authors, with texts that vary in approach and voice but benefit from closeness and insight. <strong>The catalogue opens with five \u201cInvocations\u201d \u2013 original literary interventions<\/strong> that do not directly address the exhibition and its contents but are prompted by its moment, its theme, and its circumstances. These texts are authored by Ken Bugul, Teju Cole, Natalie Diaz, Frieda Ekotto, and Abdaljawad Omar.<strong> Two \u201cShrines\u201d follow, dedicated to the artists Issa Samb and Beverly Buchanan<\/strong>, with contributions by various authors, including Simon Njami, Elena Filipovic, Park McArthur and Jennifer Burris, Patricia Ekpo, Lucy Lippard, and Lowery Stokes Sims. <strong>The catalogue also features seven original critical essays<\/strong> (by Adrienne Edwards, Stefanie<br \/>\nHessler, Miguel A. L\u00f3pez, H\u00e9lio Menezes, Wanda Nanibush, Oluremi C. Onabanjo, and Fran\u00e7oise Verg\u00e8s) that address thematics, composition, motifs or constellations of practices in the Exhibition, as well as issues in the making of a major international exhibition in the present time. <strong>A section of the book is devoted to the Schools<\/strong>: it features critical texts as well as images and original texts from each School that address their method and their exhibition presentation. <strong>The visual identity<\/strong> for <em>In Minor Keys<\/em>, along with the catalogue design, have been created by <strong>Clarissa Herbst<\/strong> in collaboration with Alex Sonderegger, following Koyo\u2019s selection of Herbst. The design draws on komorebi, the Japanese term that designates the shifting and dappled effect of light filtered through leaves, to convey the relief found under the shade of a tree. Declined in shades of grey with subtle tonal gradients that balance evanescence and permanence, expressed on<br \/>\nposters, signage, and moving textile banners, the design aims for clarity and impact while connoting natural and cosmic modes of perception.<\/p>\n","protected":false},"excerpt":{"rendered":"<h1><strong><i>In Minor Keys <\/i>| Catalogue of the 61th International Art Exhibition <\/strong><\/h1>\n","protected":false},"featured_media":7420,"comment_status":"open","ping_status":"closed","template":"","meta":{"_acf_changed":false},"product_brand":[],"product_cat":[47],"product_tag":[],"class_list":{"0":"post-7485","1":"product","2":"type-product","3":"status-publish","4":"has-post-thumbnail","6":"product_cat-books","8":"first","9":"instock","10":"shipping-taxable","11":"purchasable","12":"product-type-variable"},"acf":[],"yoast_head":"<!-- This site is optimized with the Yoast SEO Premium plugin v24.3 (Yoast SEO v24.3) - https:\/\/yoast.com\/wordpress\/plugins\/seo\/ -->\n<title>BIENNALE ARTE 2026 - La Biennale di Venezia Store<\/title>\n<meta name=\"robots\" content=\"index, follow, max-snippet:-1, max-image-preview:large, max-video-preview:-1\" \/>\n<link rel=\"canonical\" href=\"https:\/\/store.labiennale.org\/en\/prodotto\/biennale-arte-2026\/\" \/>\n<meta property=\"og:locale\" content=\"en_US\" \/>\n<meta property=\"og:type\" content=\"article\" \/>\n<meta property=\"og:title\" content=\"BIENNALE ARTE 2026\" \/>\n<meta property=\"og:description\" content=\"In Minor Keys | Catalogue of the 61th International Art Exhibition\" \/>\n<meta property=\"og:url\" content=\"https:\/\/store.labiennale.org\/en\/prodotto\/biennale-arte-2026\/\" \/>\n<meta property=\"og:site_name\" content=\"La Biennale di Venezia Store\" \/>\n<meta property=\"article:modified_time\" content=\"2026-05-12T19:59:44+00:00\" \/>\n<meta property=\"og:image\" content=\"https:\/\/store.labiennale.org\/wp-content\/uploads\/2026\/05\/COVER_VOL-1_ITA.jpg\" \/>\n\t<meta property=\"og:image:width\" content=\"1246\" \/>\n\t<meta property=\"og:image:height\" content=\"1594\" \/>\n\t<meta property=\"og:image:type\" content=\"image\/jpeg\" \/>\n<meta name=\"twitter:card\" content=\"summary_large_image\" \/>\n<meta name=\"twitter:label1\" content=\"Est. reading time\" \/>\n\t<meta name=\"twitter:data1\" content=\"3 minutes\" \/>\n<script type=\"application\/ld+json\" class=\"yoast-schema-graph\">{\"@context\":\"https:\/\/schema.org\",\"@graph\":[{\"@type\":\"WebPage\",\"@id\":\"https:\/\/store.labiennale.org\/en\/prodotto\/biennale-arte-2026\/\",\"url\":\"https:\/\/store.labiennale.org\/en\/prodotto\/biennale-arte-2026\/\",\"name\":\"BIENNALE ARTE 2026 - La Biennale di Venezia Store\",\"isPartOf\":{\"@id\":\"https:\/\/store.labiennale.org\/en\/#website\"},\"primaryImageOfPage\":{\"@id\":\"https:\/\/store.labiennale.org\/en\/prodotto\/biennale-arte-2026\/#primaryimage\"},\"image\":{\"@id\":\"https:\/\/store.labiennale.org\/en\/prodotto\/biennale-arte-2026\/#primaryimage\"},\"thumbnailUrl\":\"https:\/\/store.labiennale.org\/wp-content\/uploads\/2026\/05\/COVER_VOL-1_ITA.jpg\",\"datePublished\":\"2026-05-12T13:11:13+00:00\",\"dateModified\":\"2026-05-12T19:59:44+00:00\",\"breadcrumb\":{\"@id\":\"https:\/\/store.labiennale.org\/en\/prodotto\/biennale-arte-2026\/#breadcrumb\"},\"inLanguage\":\"en-US\",\"potentialAction\":[{\"@type\":\"ReadAction\",\"target\":[\"https:\/\/store.labiennale.org\/en\/prodotto\/biennale-arte-2026\/\"]}]},{\"@type\":\"ImageObject\",\"inLanguage\":\"en-US\",\"@id\":\"https:\/\/store.labiennale.org\/en\/prodotto\/biennale-arte-2026\/#primaryimage\",\"url\":\"https:\/\/store.labiennale.org\/wp-content\/uploads\/2026\/05\/COVER_VOL-1_ITA.jpg\",\"contentUrl\":\"https:\/\/store.labiennale.org\/wp-content\/uploads\/2026\/05\/COVER_VOL-1_ITA.jpg\",\"width\":1246,\"height\":1594},{\"@type\":\"BreadcrumbList\",\"@id\":\"https:\/\/store.labiennale.org\/en\/prodotto\/biennale-arte-2026\/#breadcrumb\",\"itemListElement\":[{\"@type\":\"ListItem\",\"position\":1,\"name\":\"Shop\",\"item\":\"https:\/\/store.labiennale.org\/en\/shop\/\"},{\"@type\":\"ListItem\",\"position\":2,\"name\":\"BIENNALE ARTE 2026\"}]},{\"@type\":\"WebSite\",\"@id\":\"https:\/\/store.labiennale.org\/en\/#website\",\"url\":\"https:\/\/store.labiennale.org\/en\/\",\"name\":\"La Biennale di Venezia Store\",\"description\":\"Arte, Architettura, Cinema, Danza, Musica, Teatro, Archivio Storico delle Arti Contemporanee, College, etc etc... La Biennale di Venezia nasce nel 1895 ed \u00e8 considerata tra le istituzioni culturali pi\u00f9 note e prestigiose al mondo.\",\"potentialAction\":[{\"@type\":\"SearchAction\",\"target\":{\"@type\":\"EntryPoint\",\"urlTemplate\":\"https:\/\/store.labiennale.org\/en\/?s={search_term_string}\"},\"query-input\":{\"@type\":\"PropertyValueSpecification\",\"valueRequired\":true,\"valueName\":\"search_term_string\"}}],\"inLanguage\":\"en-US\"}]}<\/script>\n<!-- \/ Yoast SEO Premium plugin. -->","yoast_head_json":{"title":"BIENNALE ARTE 2026 - La Biennale di Venezia Store","robots":{"index":"index","follow":"follow","max-snippet":"max-snippet:-1","max-image-preview":"max-image-preview:large","max-video-preview":"max-video-preview:-1"},"canonical":"https:\/\/store.labiennale.org\/en\/prodotto\/biennale-arte-2026\/","og_locale":"en_US","og_type":"article","og_title":"BIENNALE ARTE 2026","og_description":"In Minor Keys | Catalogue of the 61th International Art Exhibition","og_url":"https:\/\/store.labiennale.org\/en\/prodotto\/biennale-arte-2026\/","og_site_name":"La Biennale di Venezia Store","article_modified_time":"2026-05-12T19:59:44+00:00","og_image":[{"width":1246,"height":1594,"url":"https:\/\/store.labiennale.org\/wp-content\/uploads\/2026\/05\/COVER_VOL-1_ITA.jpg","type":"image\/jpeg"}],"twitter_card":"summary_large_image","twitter_misc":{"Est. reading time":"3 minutes"},"schema":{"@context":"https:\/\/schema.org","@graph":[{"@type":"WebPage","@id":"https:\/\/store.labiennale.org\/en\/prodotto\/biennale-arte-2026\/","url":"https:\/\/store.labiennale.org\/en\/prodotto\/biennale-arte-2026\/","name":"BIENNALE ARTE 2026 - La Biennale di Venezia Store","isPartOf":{"@id":"https:\/\/store.labiennale.org\/en\/#website"},"primaryImageOfPage":{"@id":"https:\/\/store.labiennale.org\/en\/prodotto\/biennale-arte-2026\/#primaryimage"},"image":{"@id":"https:\/\/store.labiennale.org\/en\/prodotto\/biennale-arte-2026\/#primaryimage"},"thumbnailUrl":"https:\/\/store.labiennale.org\/wp-content\/uploads\/2026\/05\/COVER_VOL-1_ITA.jpg","datePublished":"2026-05-12T13:11:13+00:00","dateModified":"2026-05-12T19:59:44+00:00","breadcrumb":{"@id":"https:\/\/store.labiennale.org\/en\/prodotto\/biennale-arte-2026\/#breadcrumb"},"inLanguage":"en-US","potentialAction":[{"@type":"ReadAction","target":["https:\/\/store.labiennale.org\/en\/prodotto\/biennale-arte-2026\/"]}]},{"@type":"ImageObject","inLanguage":"en-US","@id":"https:\/\/store.labiennale.org\/en\/prodotto\/biennale-arte-2026\/#primaryimage","url":"https:\/\/store.labiennale.org\/wp-content\/uploads\/2026\/05\/COVER_VOL-1_ITA.jpg","contentUrl":"https:\/\/store.labiennale.org\/wp-content\/uploads\/2026\/05\/COVER_VOL-1_ITA.jpg","width":1246,"height":1594},{"@type":"BreadcrumbList","@id":"https:\/\/store.labiennale.org\/en\/prodotto\/biennale-arte-2026\/#breadcrumb","itemListElement":[{"@type":"ListItem","position":1,"name":"Shop","item":"https:\/\/store.labiennale.org\/en\/shop\/"},{"@type":"ListItem","position":2,"name":"BIENNALE ARTE 2026"}]},{"@type":"WebSite","@id":"https:\/\/store.labiennale.org\/en\/#website","url":"https:\/\/store.labiennale.org\/en\/","name":"La Biennale di Venezia Store","description":"Arte, Architettura, Cinema, Danza, Musica, Teatro, Archivio Storico delle Arti Contemporanee, College, etc etc... La Biennale di Venezia nasce nel 1895 ed \u00e8 considerata tra le istituzioni culturali pi\u00f9 note e prestigiose al mondo.","potentialAction":[{"@type":"SearchAction","target":{"@type":"EntryPoint","urlTemplate":"https:\/\/store.labiennale.org\/en\/?s={search_term_string}"},"query-input":{"@type":"PropertyValueSpecification","valueRequired":true,"valueName":"search_term_string"}}],"inLanguage":"en-US"}]}},"_links":{"self":[{"href":"https:\/\/store.labiennale.org\/en\/wp-json\/wp\/v2\/product\/7485","targetHints":{"allow":["GET"]}}],"collection":[{"href":"https:\/\/store.labiennale.org\/en\/wp-json\/wp\/v2\/product"}],"about":[{"href":"https:\/\/store.labiennale.org\/en\/wp-json\/wp\/v2\/types\/product"}],"replies":[{"embeddable":true,"href":"https:\/\/store.labiennale.org\/en\/wp-json\/wp\/v2\/comments?post=7485"}],"wp:featuredmedia":[{"embeddable":true,"href":"https:\/\/store.labiennale.org\/en\/wp-json\/wp\/v2\/media\/7420"}],"wp:attachment":[{"href":"https:\/\/store.labiennale.org\/en\/wp-json\/wp\/v2\/media?parent=7485"}],"wp:term":[{"taxonomy":"product_brand","embeddable":true,"href":"https:\/\/store.labiennale.org\/en\/wp-json\/wp\/v2\/product_brand?post=7485"},{"taxonomy":"product_cat","embeddable":true,"href":"https:\/\/store.labiennale.org\/en\/wp-json\/wp\/v2\/product_cat?post=7485"},{"taxonomy":"product_tag","embeddable":true,"href":"https:\/\/store.labiennale.org\/en\/wp-json\/wp\/v2\/product_tag?post=7485"}],"curies":[{"name":"wp","href":"https:\/\/api.w.org\/{rel}","templated":true}]}}